{"id":341113,"date":"2024-10-31T10:19:12","date_gmt":"2024-10-31T09:19:12","guid":{"rendered":"https:\/\/www.arclite-shop.de\/produkt\/111-575-1-1215-2\/"},"modified":"2026-04-18T18:38:51","modified_gmt":"2026-04-18T16:38:51","slug":"111-575-1-1215-2","status":"publish","type":"product","link":"https:\/\/www.arclite-shop.de\/en\/produkt\/111-575-1-1215-2\/","title":{"rendered":"EUTRAC T-Connector for 3-Phase Mounting Rail BASIC, Protective Conductor Outside, Left, with Feed-in Option - black 575 1 1215 2"},"content":{"rendered":"<p>EUTRAC Standard T-Verbinder f\u00fcr 3-Phasen Aufbauschiene BASIC, Schutzleiter au\u00dfen, links mit Einspeisem\u00f6glichkeit &#8211; schwarz<\/p>\n","protected":false},"excerpt":{"rendered":"<p>EUTRAC Standard T-Verbinder f\u00fcr 3-Phasen Aufbauschiene BASIC, Schutzleiter au\u00dfen, links mit Einspeisem\u00f6glichkeit &#8211; schwarz<\/p>\n","protected":false},"featured_media":370029,"template":"","meta":[],"product_brand":[],"product_cat":[84574],"product_tag":[],"class_list":{"0":"post-341113","1":"product","2":"type-product","3":"status-publish","4":"has-post-thumbnail","6":"product_cat-elektrisches-zubehoer-ersatzteile-fuer-leuchten","8":"first","9":"instock","10":"taxable","11":"shipping-taxable","12":"product-type-simple"},"_links":{"self":[{"href":"https:\/\/www.arclite-shop.de\/en\/wp-json\/wp\/v2\/product\/341113","targetHints":{"allow":["GET"]}}],"collection":[{"href":"https:\/\/www.arclite-shop.de\/en\/wp-json\/wp\/v2\/product"}],"about":[{"href":"https:\/\/www.arclite-shop.de\/en\/wp-json\/wp\/v2\/types\/product"}],"wp:featuredmedia":[{"embeddable":true,"href":"https:\/\/www.arclite-shop.de\/en\/wp-json\/wp\/v2\/media\/370029"}],"wp:attachment":[{"href":"https:\/\/www.arclite-shop.de\/en\/wp-json\/wp\/v2\/media?parent=341113"}],"wp:term":[{"taxonomy":"product_brand","embeddable":true,"href":"https:\/\/www.arclite-shop.de\/en\/wp-json\/wp\/v2\/product_brand?post=341113"},{"taxonomy":"product_cat","embeddable":true,"href":"https:\/\/www.arclite-shop.de\/en\/wp-json\/wp\/v2\/product_cat?post=341113"},{"taxonomy":"product_tag","embeddable":true,"href":"https:\/\/www.arclite-shop.de\/en\/wp-json\/wp\/v2\/product_tag?post=341113"}],"curies":[{"name":"wp","href":"https:\/\/api.w.org\/{rel}","templated":true}]}}