{"id":340864,"date":"2024-10-31T10:16:30","date_gmt":"2024-10-31T09:16:30","guid":{"rendered":"https:\/\/www.arclite-shop.de\/produkt\/111-225-103\/"},"modified":"2026-04-18T18:56:52","modified_gmt":"2026-04-18T16:56:52","slug":"111-225-103","status":"publish","type":"product","link":"https:\/\/www.arclite-shop.de\/en\/produkt\/111-225-103\/","title":{"rendered":"EUTRAC Data Bus Busbar 3-Phase Surface-mounted Rail + Data Bus 1000mm - silver 225-103"},"content":{"rendered":"<p>EUTRAC 7-Leiter Aufbauschiene 1000mm silber f\u00fcr drei Stromkreise + Datenbus, stranggepresstes Aluminiumprofil, 2 PVC-Tr\u00e4gerprofile mit je zwei 2, 5mm\u00b2 Kupferleitern + einem PVC-Tr\u00e4gerprofil mit je zwei 1mm\u00b2 vernickelten Kupferleitern, 3 Stromkreisen, Schutzleiter \u00fcber das Aluminiumprofil + 2 Datenleiter, bauseitige L\u00e4ngenanpassung durch S\u00e4gen, R\u00fcckschneiden oder Biegen der Kupferleiter ist notwendig, vorgestanzte Befestigungslangl\u00f6cher, f\u00fcr den Gebrauch im Handbereich zugelassen, Einbindung in Geb\u00e4udemanagementsysteme m\u00f6glich, Einhaltung der Sicherheitskleinspannungsrichtlinie (SELV nach EN 60950) durch Adapter mit Datenbusabgriff incl. SELV-Sicherheitsbaustein. <\/p>\n","protected":false},"excerpt":{"rendered":"<p>EUTRAC 7-Leiter Aufbauschiene 1000mm silber f\u00fcr drei Stromkreise + Datenbus, stranggepresstes Aluminiumprofil, 2 PVC-Tr\u00e4gerprofile mit je zwei 2, 5mm\u00b2 Kupferleitern + einem PVC-Tr\u00e4gerprofil mit je zwei 1mm\u00b2 vernickelten Kupferleitern, 3 Stromkreisen, Schutzleiter \u00fcber das Aluminiumprofil + 2 Datenleiter, bauseitige L\u00e4ngenanpassung<span class=\"excerpt-hellip\"> [\u2026]<\/span><\/p>\n","protected":false},"featured_media":370195,"template":"","meta":[],"product_brand":[],"product_cat":[84573],"product_tag":[],"class_list":{"0":"post-340864","1":"product","2":"type-product","3":"status-publish","4":"has-post-thumbnail","6":"product_cat-stromschiene","8":"first","9":"instock","10":"taxable","11":"shipping-taxable","12":"product-type-simple"},"_links":{"self":[{"href":"https:\/\/www.arclite-shop.de\/en\/wp-json\/wp\/v2\/product\/340864","targetHints":{"allow":["GET"]}}],"collection":[{"href":"https:\/\/www.arclite-shop.de\/en\/wp-json\/wp\/v2\/product"}],"about":[{"href":"https:\/\/www.arclite-shop.de\/en\/wp-json\/wp\/v2\/types\/product"}],"wp:featuredmedia":[{"embeddable":true,"href":"https:\/\/www.arclite-shop.de\/en\/wp-json\/wp\/v2\/media\/370195"}],"wp:attachment":[{"href":"https:\/\/www.arclite-shop.de\/en\/wp-json\/wp\/v2\/media?parent=340864"}],"wp:term":[{"taxonomy":"product_brand","embeddable":true,"href":"https:\/\/www.arclite-shop.de\/en\/wp-json\/wp\/v2\/product_brand?post=340864"},{"taxonomy":"product_cat","embeddable":true,"href":"https:\/\/www.arclite-shop.de\/en\/wp-json\/wp\/v2\/product_cat?post=340864"},{"taxonomy":"product_tag","embeddable":true,"href":"https:\/\/www.arclite-shop.de\/en\/wp-json\/wp\/v2\/product_tag?post=340864"}],"curies":[{"name":"wp","href":"https:\/\/api.w.org\/{rel}","templated":true}]}}