{"id":340751,"date":"2024-10-31T10:15:15","date_gmt":"2024-10-31T09:15:15","guid":{"rendered":"https:\/\/www.arclite-shop.de\/produkt\/102-92-232-8000-1\/"},"modified":"2026-04-18T19:06:18","modified_gmt":"2026-04-18T17:06:18","slug":"102-92-232-8000-1","status":"publish","type":"product","link":"https:\/\/www.arclite-shop.de\/en\/produkt\/102-92-232-8000-1\/","title":{"rendered":"WIELAND GST18i3 Connecting cable 3-pole, 1xsocket, 1xplug,1,5mm\u00b2, 250V, 16A - 8000mm - black 92.232.8000.1"},"content":{"rendered":"<p>GST18i3 Verl\u00e4ngerungsleitung, Buchse &#8211; Stecker, Verriegelung m\u00f6glich, L\u00e4nge 8, 0 m, 3-polig, Kodierung Netz 250 V, 16 A, Farbe Kodierung schwarz, Farbe Zugentlastung schwarz, Farbe Leitung schwarz, Leitungsquerschnitt 1, 5 mm\u00b2, Kabeltyp H05VV-F, Brandklasse: Eca.<\/p>\n","protected":false},"excerpt":{"rendered":"<p>GST18i3 Verl\u00e4ngerungsleitung, Buchse &#8211; Stecker, Verriegelung m\u00f6glich, L\u00e4nge 8, 0 m, 3-polig, Kodierung Netz 250 V, 16 A, Farbe Kodierung schwarz, Farbe Zugentlastung schwarz, Farbe Leitung schwarz, Leitungsquerschnitt 1, 5 mm\u00b2, Kabeltyp H05VV-F, Brandklasse: Eca.<\/p>\n","protected":false},"featured_media":370257,"template":"","meta":[],"product_brand":[],"product_cat":[84566],"product_tag":[],"class_list":{"0":"post-340751","1":"product","2":"type-product","3":"status-publish","4":"has-post-thumbnail","6":"product_cat-konfektionierte-leitung-fuer-steckbare-gebaeudeinstallation","8":"first","9":"instock","10":"taxable","11":"shipping-taxable","12":"product-type-simple"},"_links":{"self":[{"href":"https:\/\/www.arclite-shop.de\/en\/wp-json\/wp\/v2\/product\/340751","targetHints":{"allow":["GET"]}}],"collection":[{"href":"https:\/\/www.arclite-shop.de\/en\/wp-json\/wp\/v2\/product"}],"about":[{"href":"https:\/\/www.arclite-shop.de\/en\/wp-json\/wp\/v2\/types\/product"}],"wp:featuredmedia":[{"embeddable":true,"href":"https:\/\/www.arclite-shop.de\/en\/wp-json\/wp\/v2\/media\/370257"}],"wp:attachment":[{"href":"https:\/\/www.arclite-shop.de\/en\/wp-json\/wp\/v2\/media?parent=340751"}],"wp:term":[{"taxonomy":"product_brand","embeddable":true,"href":"https:\/\/www.arclite-shop.de\/en\/wp-json\/wp\/v2\/product_brand?post=340751"},{"taxonomy":"product_cat","embeddable":true,"href":"https:\/\/www.arclite-shop.de\/en\/wp-json\/wp\/v2\/product_cat?post=340751"},{"taxonomy":"product_tag","embeddable":true,"href":"https:\/\/www.arclite-shop.de\/en\/wp-json\/wp\/v2\/product_tag?post=340751"}],"curies":[{"name":"wp","href":"https:\/\/api.w.org\/{rel}","templated":true}]}}