{"id":340750,"date":"2024-10-31T10:15:14","date_gmt":"2024-10-31T09:15:14","guid":{"rendered":"https:\/\/www.arclite-shop.de\/produkt\/102-92-232-7000-2\/"},"modified":"2026-04-18T19:06:22","modified_gmt":"2026-04-18T17:06:22","slug":"102-92-232-7000-2","status":"publish","type":"product","link":"https:\/\/www.arclite-shop.de\/en\/produkt\/102-92-232-7000-2\/","title":{"rendered":"WIELAND GST18i3 Connecting cable 3-pole, 1xsocket, 1xplug,1,5mm\u00b2, 250V, 16A - 7000mm - white 92.232.7000.2"},"content":{"rendered":"<p>GST18i3 Verl\u00e4ngerungsleitung, Buchse &#8211; Stecker, Verriegelung m\u00f6glich, L\u00e4nge 7, 0 m, 3-polig, Kodierung Netz 250 V, 16 A, Farbe Kodierung weiss, Farbe Zugentlastung weiss, Farbe Leitung weiss, Leitungsquerschnitt 1, 5 mm\u00b2, Kabeltyp H05VV-F, Brandklasse: Eca.<\/p>\n","protected":false},"excerpt":{"rendered":"<p>GST18i3 Verl\u00e4ngerungsleitung, Buchse &#8211; Stecker, Verriegelung m\u00f6glich, L\u00e4nge 7, 0 m, 3-polig, Kodierung Netz 250 V, 16 A, Farbe Kodierung weiss, Farbe Zugentlastung weiss, Farbe Leitung weiss, Leitungsquerschnitt 1, 5 mm\u00b2, Kabeltyp H05VV-F, Brandklasse: Eca.<\/p>\n","protected":false},"featured_media":934743,"template":"","meta":[],"product_brand":[],"product_cat":[84566],"product_tag":[],"class_list":{"0":"post-340750","1":"product","2":"type-product","3":"status-publish","4":"has-post-thumbnail","6":"product_cat-konfektionierte-leitung-fuer-steckbare-gebaeudeinstallation","8":"first","9":"instock","10":"taxable","11":"shipping-taxable","12":"product-type-simple"},"_links":{"self":[{"href":"https:\/\/www.arclite-shop.de\/en\/wp-json\/wp\/v2\/product\/340750","targetHints":{"allow":["GET"]}}],"collection":[{"href":"https:\/\/www.arclite-shop.de\/en\/wp-json\/wp\/v2\/product"}],"about":[{"href":"https:\/\/www.arclite-shop.de\/en\/wp-json\/wp\/v2\/types\/product"}],"wp:featuredmedia":[{"embeddable":true,"href":"https:\/\/www.arclite-shop.de\/en\/wp-json\/wp\/v2\/media\/934743"}],"wp:attachment":[{"href":"https:\/\/www.arclite-shop.de\/en\/wp-json\/wp\/v2\/media?parent=340750"}],"wp:term":[{"taxonomy":"product_brand","embeddable":true,"href":"https:\/\/www.arclite-shop.de\/en\/wp-json\/wp\/v2\/product_brand?post=340750"},{"taxonomy":"product_cat","embeddable":true,"href":"https:\/\/www.arclite-shop.de\/en\/wp-json\/wp\/v2\/product_cat?post=340750"},{"taxonomy":"product_tag","embeddable":true,"href":"https:\/\/www.arclite-shop.de\/en\/wp-json\/wp\/v2\/product_tag?post=340750"}],"curies":[{"name":"wp","href":"https:\/\/api.w.org\/{rel}","templated":true}]}}